{"id":170,"date":"2015-06-03T10:59:46","date_gmt":"2015-06-03T10:59:46","guid":{"rendered":"http:\/\/mv-wuerflach.at\/?page_id=170"},"modified":"2016-07-04T06:31:44","modified_gmt":"2016-07-04T06:31:44","slug":"unsere-angebote","status":"publish","type":"page","link":"https:\/\/mv-wuerflach.at\/?page_id=170","title":{"rendered":"Unsere Angebote"},"content":{"rendered":"<p>Buchen Sie uns f\u00fcr<\/p>\n<ul>\n<li>Konzerte, Fr\u00fchschoppen<\/li>\n<li>Geburtstage, Jubil\u00e4en<\/li>\n<\/ul>\n<p>etc.<\/p>\n<p><a href=\"http:\/\/mv-wuerflach.at\/wp-content\/uploads\/2016\/05\/MV-Klamm-16-022.jpg\"><img loading=\"lazy\" decoding=\"async\" class=\"alignnone size-medium wp-image-407\" src=\"http:\/\/mv-wuerflach.at\/wp-content\/uploads\/2016\/05\/MV-Klamm-16-022-300x200.jpg\" alt=\"MV Klamm 16-022\" width=\"300\" height=\"200\" srcset=\"https:\/\/mv-wuerflach.at\/wp-content\/uploads\/2016\/05\/MV-Klamm-16-022-300x200.jpg 300w, https:\/\/mv-wuerflach.at\/wp-content\/uploads\/2016\/05\/MV-Klamm-16-022-1024x683.jpg 1024w\" sizes=\"auto, (max-width: 300px) 100vw, 300px\" \/><\/a><a href=\"http:\/\/mv-wuerflach.at\/wp-content\/uploads\/2016\/07\/IMG_3617.jpg\"><img loading=\"lazy\" decoding=\"async\" class=\"alignnone size-medium wp-image-472\" src=\"http:\/\/mv-wuerflach.at\/wp-content\/uploads\/2016\/07\/IMG_3617-300x225.jpg\" alt=\"IMG_3617\" width=\"300\" height=\"225\" srcset=\"https:\/\/mv-wuerflach.at\/wp-content\/uploads\/2016\/07\/IMG_3617-300x225.jpg 300w, https:\/\/mv-wuerflach.at\/wp-content\/uploads\/2016\/07\/IMG_3617-1024x768.jpg 1024w\" sizes=\"auto, (max-width: 300px) 100vw, 300px\" \/><\/a><a href=\"http:\/\/mv-wuerflach.at\/wp-content\/uploads\/2016\/06\/20160605_115654.jpg\"><img loading=\"lazy\" decoding=\"async\" class=\"alignnone size-medium wp-image-433\" src=\"http:\/\/mv-wuerflach.at\/wp-content\/uploads\/2016\/06\/20160605_115654-300x169.jpg\" alt=\"20160605_115654\" width=\"300\" height=\"169\" srcset=\"https:\/\/mv-wuerflach.at\/wp-content\/uploads\/2016\/06\/20160605_115654-300x169.jpg 300w, https:\/\/mv-wuerflach.at\/wp-content\/uploads\/2016\/06\/20160605_115654-1024x576.jpg 1024w\" sizes=\"auto, (max-width: 300px) 100vw, 300px\" \/><\/a><\/p>\n<p>&nbsp;<\/p>\n","protected":false},"excerpt":{"rendered":"<p>Buchen Sie uns f\u00fcr Konzerte, Fr\u00fchschoppen Geburtstage, Jubil\u00e4en etc. &nbsp;<\/p>\n","protected":false},"author":1,"featured_media":0,"parent":0,"menu_order":0,"comment_status":"open","ping_status":"open","template":"","meta":{"footnotes":""},"class_list":["post-170","page","type-page","status-publish","hentry"],"_links":{"self":[{"href":"https:\/\/mv-wuerflach.at\/index.php?rest_route=\/wp\/v2\/pages\/170","targetHints":{"allow":["GET"]}}],"collection":[{"href":"https:\/\/mv-wuerflach.at\/index.php?rest_route=\/wp\/v2\/pages"}],"about":[{"href":"https:\/\/mv-wuerflach.at\/index.php?rest_route=\/wp\/v2\/types\/page"}],"author":[{"embeddable":true,"href":"https:\/\/mv-wuerflach.at\/index.php?rest_route=\/wp\/v2\/users\/1"}],"replies":[{"embeddable":true,"href":"https:\/\/mv-wuerflach.at\/index.php?rest_route=%2Fwp%2Fv2%2Fcomments&post=170"}],"version-history":[{"count":5,"href":"https:\/\/mv-wuerflach.at\/index.php?rest_route=\/wp\/v2\/pages\/170\/revisions"}],"predecessor-version":[{"id":475,"href":"https:\/\/mv-wuerflach.at\/index.php?rest_route=\/wp\/v2\/pages\/170\/revisions\/475"}],"wp:attachment":[{"href":"https:\/\/mv-wuerflach.at\/index.php?rest_route=%2Fwp%2Fv2%2Fmedia&parent=170"}],"curies":[{"name":"wp","href":"https:\/\/api.w.org\/{rel}","templated":true}]}}